{"id":814,"date":"2024-05-03T17:20:42","date_gmt":"2024-05-03T15:20:42","guid":{"rendered":"https:\/\/eden-mobility.ae\/?page_id=814"},"modified":"2024-07-03T17:27:12","modified_gmt":"2024-07-03T15:27:12","slug":"wheelchair-taxi-safari-park-dubai","status":"publish","type":"page","link":"https:\/\/eden-mobility.ae\/ar\/wheelchair-taxi-safari-park-dubai\/","title":{"rendered":"\u062a\u0627\u0643\u0633\u064a \u0627\u0644\u0643\u0631\u0627\u0633\u064a \u0627\u0644\u0645\u062a\u062d\u0631\u0643\u0629 \u0644\u062d\u062f\u064a\u0642\u0629 \u0627\u0644\u0633\u0641\u0627\u0631\u064a \u0641\u064a \u062f\u0628\u064a"},"content":{"rendered":"<p>\u0647\u0644 \u062a\u062d\u062a\u0627\u062c \u0625\u0644\u0649 \u0632\u064a\u0627\u0631\u0629 \u062d\u062f\u064a\u0642\u0629 \u062d\u064a\u0648\u0627\u0646\u0627\u062a \u062e\u0644\u0627\u0644 \u0627\u0644\u0639\u0637\u0644\u0627\u062a \u0648\u0627\u0644\u062a\u0639\u0631\u0641 \u0639\u0644\u0649 \u0627\u0644\u0633\u0627\u0641\u0627\u0646\u0627 \u0627\u0644\u0623\u0641\u0631\u064a\u0642\u064a\u0629\u061f \u062a\u0636\u0645 \u0645\u062f\u064a\u0646\u0629 \u062f\u0628\u064a \u062d\u062f\u064a\u0642\u0629 \u0631\u0627\u0626\u0639\u0629 \u0644\u0632\u064a\u0627\u0631\u062a\u0647\u0627 \u0645\u0639 \u0639\u0627\u0626\u0644\u062a\u0643. Eden Mobility \u0647\u0646\u0627 \u0644\u062a\u0644\u0628\u064a\u0629 \u0627\u062d\u062a\u064a\u0627\u062c\u0627\u062a\u0643 \u0641\u064a \u0627\u0644\u062a\u0646\u0642\u0644. \u0625\u0630\u0627 \u0643\u0646\u062a \u062a\u062d\u062a\u0627\u062c \u0625\u0644\u0649 \u062a\u0627\u0643\u0633\u064a \u0644\u0644\u0643\u0631\u0627\u0633\u064a \u0627\u0644\u0645\u062a\u062d\u0631\u0643\u0629\u060c \u0641\u0625\u0646 \u0634\u0631\u0643\u062a\u0646\u0627 \u062a\u0642\u062f\u0645 \u0623\u0641\u0636\u0644 \u062e\u062f\u0645\u0629 \u0641\u064a \u0627\u0644\u0645\u062f\u064a\u0646\u0629 \u0644\u0645\u0631\u0627\u0641\u0642\u062a\u0643.<\/p>\n<h2>\u0644\u0645\u0627\u0630\u0627 \u062a\u062d\u062c\u0632 \u062a\u0627\u0643\u0633\u064a \u0627\u0644\u0643\u0631\u0627\u0633\u064a \u0627\u0644\u0645\u062a\u062d\u0631\u0643\u0629 \u0645\u0639\u0646\u0627 \u0644\u0644\u0630\u0647\u0627\u0628 \u0625\u0644\u0649 \u062d\u062f\u064a\u0642\u0629 \u0627\u0644\u0633\u0641\u0627\u0631\u064a\u061f<span class=\"Apple-converted-space\">\u00a0<\/span><\/h2>\n<p>- \u0623\u0648\u0644\u0627\u064b\u060c \u0625\u0630\u0627 \u0643\u0646\u062a \u0642\u062f \u062d\u062c\u0632\u062a \u0628\u0627\u0644\u0641\u0639\u0644 \u0646\u0642\u0644\u064b\u0627 \u0645\u0646 \u0627\u0644\u0645\u0637\u0627\u0631 \u0645\u0639\u0646\u0627\u060c \u0641\u064a\u062c\u0628 \u0623\u0646 \u062a\u0639\u0631\u0641 \u0623\u0646\u0646\u0627 \u0646\u062e\u0635\u0635 \u062e\u062f\u0645\u0627\u062a\u0646\u0627 \u0644\u0623\u064a \u0646\u0648\u0639 \u0645\u0646 \u0627\u0644\u0631\u062d\u0644\u0627\u062a. \u0644\u0630\u0644\u0643 \u064a\u0645\u0643\u0646\u0643 \u0627\u0644\u0627\u0639\u062a\u0645\u0627\u062f \u0639\u0644\u0649 \u0633\u0627\u0626\u0642\u064a\u0646\u0627 \u0644\u0646\u0642\u0644\u0643 \u0625\u0644\u0649 \u0645\u062f\u0646 \u0623\u062e\u0631\u0649 \u0641\u064a \u0627\u0644\u0625\u0645\u0627\u0631\u0627\u062a \u0627\u0644\u0639\u0631\u0628\u064a\u0629 \u0627\u0644\u0645\u062a\u062d\u062f\u0629 \u0623\u0648<strong><a href=\"https:\/\/eden-mobility.ae\/ar\/wheelchair-taxi-ras-al-khor\/\"> \u0625\u0644\u0649 \u062d\u062f\u0627\u0626\u0642 \u0623\u062e\u0631\u0649<\/a><\/strong>\u060c \u0648\u0643\u0630\u0644\u0643 \u0627\u0644\u0631\u062d\u0644\u0627\u062a \u0627\u0644\u0642\u0635\u064a\u0631\u0629 \u0645\u062b\u0644 \u0632\u064a\u0627\u0631\u0629 \u062d\u062f\u064a\u0642\u0629 \u0627\u0644\u062d\u064a\u0648\u0627\u0646 \u0641\u064a \u0627\u0644\u0645\u062f\u064a\u0646\u0629.<span class=\"Apple-converted-space\">\u00a0<\/span><\/p>\n<p>\u0645\u0643\u0627\u0646 \u0645\u0645\u062a\u0639 \u062c\u062f\u064b\u0627 \u0644\u0644\u0632\u064a\u0627\u0631\u0629\u060c \u064a\u0645\u0643\u0646\u0643 \u0627\u0644\u0627\u0639\u062a\u0645\u0627\u062f \u0639\u0644\u0649 \u0645\u0633\u0627\u0639\u062f\u062a\u0646\u0627 \u0644\u0645\u0646\u062d\u0643 \u062a\u063a\u064a\u064a\u0631\u064b\u0627 \u0641\u064a \u0627\u0644\u0645\u0634\u0647\u062f \u0648\u0646\u0642\u0644\u0643 \u0625\u0644\u0649 \u0623\u064a \u0645\u0643\u0627\u0646 \u062a\u0631\u064a\u062f \u0627\u0644\u0630\u0647\u0627\u0628 \u0625\u0644\u064a\u0647.<span class=\"Apple-converted-space\">\u00a0<\/span><\/p>\n<h2>\u0627\u0643\u062a\u0634\u0641 \u0627\u0644\u0633\u0627\u0641\u0627\u0646\u0627 \u0627\u0644\u0645\u0639\u0627\u062f \u062a\u0643\u0648\u064a\u0646\u0647\u0627 \u0641\u064a \u0642\u0644\u0628 \u0627\u0644\u0635\u062d\u0631\u0627\u0621<span class=\"Apple-converted-space\">\u00a0<\/span><\/h2>\n<p>\u0639\u0646\u062f\u0645\u0627 \u064a\u062a\u0639\u0644\u0642 \u0627\u0644\u0623\u0645\u0631 \u0628\u0627\u0644\u062a\u0646\u0642\u0644 \u0641\u064a \u062f\u0628\u064a\u060c \u0641\u0625\u0646 Eden Transport \u0647\u0648 \u0645\u0642\u062f\u0645 \u0627\u0644\u062e\u062f\u0645\u0629 \u0627\u0644\u0645\u0646\u0627\u0633\u0628 \u0644\u0643 \u0625\u0630\u0627 \u0643\u0646\u062a \u062a\u0633\u062a\u062e\u062f\u0645 \u0643\u0631\u0633\u064a\u064b\u0627 \u0645\u062a\u062d\u0631\u0643\u064b\u0627 \u0623\u0648 \u062a\u0639\u0627\u0646\u064a \u0645\u0646 \u0636\u0639\u0641 \u0641\u064a \u0627\u0644\u062d\u0631\u0643\u0629. \u0645\u0631\u0643\u0628\u0627\u062a\u0646\u0627 \u0645\u062c\u0647\u0632\u0629 \u062e\u0635\u064a\u0635\u064b\u0627 \u0644\u0647\u0630\u0627 \u0627\u0644\u063a\u0631\u0636. \u0641\u064a \u0642\u0644\u0628 \u062d\u062f\u064a\u0642\u0629 \u0627\u0644\u0633\u0641\u0627\u0631\u064a\u060c \u064a\u0645\u0643\u0646\u0643 \u0627\u0633\u062a\u0643\u0634\u0627\u0641 \u0627\u0644\u062d\u064a\u0627\u0629 \u0627\u0644\u0628\u0631\u064a\u0629 \u0627\u0644\u0623\u0641\u0631\u064a\u0642\u064a\u0629 \u0627\u0644\u0646\u0645\u0648\u0630\u062c\u064a\u0629. \u0632\u064a\u0627\u0631\u0629 \u0647\u0630\u0647 \u0627\u0644\u062d\u062f\u064a\u0642\u0629 \u062a\u0633\u062a\u062d\u0642 \u0628\u0627\u0644\u0641\u0639\u0644 \u0627\u0644\u0639\u0646\u0627\u0621. \u0628\u0639\u0636 \u0627\u0644\u062b\u062f\u064a\u064a\u0627\u062a\u060c \u0645\u062b\u0644 \u0627\u0644\u063a\u0648\u0631\u064a\u0644\u0627 \u0648\u0623\u0641\u0631\u0627\u0633 \u0627\u0644\u0646\u0647\u0631\u060c \u0644\u0627 \u064a\u0645\u0643\u0646 \u0631\u0624\u064a\u062a\u0647\u0627 \u0641\u064a \u0623\u064a \u062d\u062f\u064a\u0642\u0629 \u062d\u064a\u0648\u0627\u0646 \u0623\u062e\u0631\u0649 \u0641\u064a \u0627\u0644\u0639\u0627\u0644\u0645.<span class=\"Apple-converted-space\">\u00a0<\/span><\/p>\n<p>\u0644\u0630\u0644\u0643 \u064a\u0645\u0643\u0646\u0643 \u062f\u0645\u062c \u0645\u062a\u0639\u0629 \u0627\u0644\u062e\u0631\u0648\u062c \u0645\u0639 \u0627\u0644\u0646\u0642\u0644 \u0627\u0644\u0630\u064a \u064a\u0646\u0627\u0633\u0628 \u0627\u062d\u062a\u064a\u0627\u062c\u0627\u062a\u0643.<\/p>","protected":false},"excerpt":{"rendered":"<p>Need to visit a zoo during the holidays and familiarise yourself with the African savannah? The city of Dubai has a magnificent park to visit with your family. Eden Mobility is here to meet your travel needs. If you need a wheelchair taxi, our company offers the best service in the city to accompany you. [&hellip;]<\/p>\n","protected":false},"author":2,"featured_media":0,"parent":0,"menu_order":0,"comment_status":"closed","ping_status":"closed","template":"","meta":{"_et_pb_use_builder":"","_et_pb_old_content":"","_et_gb_content_width":"","footnotes":""},"class_list":["post-814","page","type-page","status-publish","hentry"],"yoast_head":"<!-- This site is optimized with the Yoast SEO plugin v27.5 - https:\/\/yoast.com\/product\/yoast-seo-wordpress\/ -->\n<title>Wheelchair taxi for Safari Park in Duba\u00ef | 05.82.95.11.90<\/title>\n<meta name=\"description\" content=\"Book a wheelchair taxi to visit the\u00ef asafari park in Duba\u00eft all moments. Qoute us or join us at phone. Service 24\/24 hours.\" \/>\n<meta name=\"robots\" content=\"index, follow, max-snippet:-1, max-image-preview:large, max-video-preview:-1\" \/>\n<link rel=\"canonical\" href=\"https:\/\/eden-mobility.ae\/ar\/wheelchair-taxi-safari-park-dubai\/\" \/>\n<meta property=\"og:locale\" content=\"ar_AR\" \/>\n<meta property=\"og:type\" content=\"article\" \/>\n<meta property=\"og:title\" content=\"Wheelchair taxi for Safari Park in Duba\u00ef | 05.82.95.11.90\" \/>\n<meta property=\"og:description\" content=\"Book a wheelchair taxi to visit the\u00ef asafari park in Duba\u00eft all moments. Qoute us or join us at phone. Service 24\/24 hours.\" \/>\n<meta property=\"og:url\" content=\"https:\/\/eden-mobility.ae\/ar\/wheelchair-taxi-safari-park-dubai\/\" \/>\n<meta property=\"og:site_name\" content=\"Eden Mobility\" \/>\n<meta property=\"article:modified_time\" content=\"2024-07-03T15:27:12+00:00\" \/>\n<meta name=\"twitter:card\" content=\"summary_large_image\" \/>\n<meta name=\"twitter:label1\" content=\"\u0648\u0642\u062a \u0627\u0644\u0642\u0631\u0627\u0621\u0629 \u0627\u0644\u0645\u064f\u0642\u062f\u0651\u0631\" \/>\n\t<meta name=\"twitter:data1\" content=\"\u062f\u0642\u064a\u0642\u0629 \u0648\u0627\u062d\u062f\u0629\" \/>\n<script type=\"application\/ld+json\" class=\"yoast-schema-graph\">{\"@context\":\"https:\\\/\\\/schema.org\",\"@graph\":[{\"@type\":\"WebPage\",\"@id\":\"https:\\\/\\\/eden-mobility.ae\\\/wheelchair-taxi-safari-park-dubai\\\/\",\"url\":\"https:\\\/\\\/eden-mobility.ae\\\/wheelchair-taxi-safari-park-dubai\\\/\",\"name\":\"Wheelchair taxi for Safari Park in Duba\u00ef | 05.82.95.11.90\",\"isPartOf\":{\"@id\":\"https:\\\/\\\/eden-mobility.ae\\\/#website\"},\"datePublished\":\"2024-05-03T15:20:42+00:00\",\"dateModified\":\"2024-07-03T15:27:12+00:00\",\"description\":\"Book a wheelchair taxi to visit the\u00ef asafari park in Duba\u00eft all moments. Qoute us or join us at phone. Service 24\\\/24 hours.\",\"breadcrumb\":{\"@id\":\"https:\\\/\\\/eden-mobility.ae\\\/wheelchair-taxi-safari-park-dubai\\\/#breadcrumb\"},\"inLanguage\":\"ar\",\"potentialAction\":[{\"@type\":\"ReadAction\",\"target\":[\"https:\\\/\\\/eden-mobility.ae\\\/wheelchair-taxi-safari-park-dubai\\\/\"]}]},{\"@type\":\"BreadcrumbList\",\"@id\":\"https:\\\/\\\/eden-mobility.ae\\\/wheelchair-taxi-safari-park-dubai\\\/#breadcrumb\",\"itemListElement\":[{\"@type\":\"ListItem\",\"position\":1,\"name\":\"Home\",\"item\":\"https:\\\/\\\/eden-mobility.ae\\\/\"},{\"@type\":\"ListItem\",\"position\":2,\"name\":\"Wheelchair taxi for Safari Park in Duba\u00ef\"}]},{\"@type\":\"WebSite\",\"@id\":\"https:\\\/\\\/eden-mobility.ae\\\/#website\",\"url\":\"https:\\\/\\\/eden-mobility.ae\\\/\",\"name\":\"Eden Mobility\",\"description\":\"The safety transportation\",\"publisher\":{\"@id\":\"https:\\\/\\\/eden-mobility.ae\\\/#organization\"},\"potentialAction\":[{\"@type\":\"SearchAction\",\"target\":{\"@type\":\"EntryPoint\",\"urlTemplate\":\"https:\\\/\\\/eden-mobility.ae\\\/?s={search_term_string}\"},\"query-input\":{\"@type\":\"PropertyValueSpecification\",\"valueRequired\":true,\"valueName\":\"search_term_string\"}}],\"inLanguage\":\"ar\"},{\"@type\":\"Organization\",\"@id\":\"https:\\\/\\\/eden-mobility.ae\\\/#organization\",\"name\":\"Eden Mobility\",\"url\":\"https:\\\/\\\/eden-mobility.ae\\\/\",\"logo\":{\"@type\":\"ImageObject\",\"inLanguage\":\"ar\",\"@id\":\"https:\\\/\\\/eden-mobility.ae\\\/#\\\/schema\\\/logo\\\/image\\\/\",\"url\":\"https:\\\/\\\/eden-mobility.ae\\\/wp-content\\\/uploads\\\/2022\\\/08\\\/EM_logo_120x120.png\",\"contentUrl\":\"https:\\\/\\\/eden-mobility.ae\\\/wp-content\\\/uploads\\\/2022\\\/08\\\/EM_logo_120x120.png\",\"width\":120,\"height\":120,\"caption\":\"Eden Mobility\"},\"image\":{\"@id\":\"https:\\\/\\\/eden-mobility.ae\\\/#\\\/schema\\\/logo\\\/image\\\/\"}}]}<\/script>\n<!-- \/ Yoast SEO plugin. -->","yoast_head_json":{"title":"Wheelchair taxi for Safari Park in Duba\u00ef | 05.82.95.11.90","description":"Book a wheelchair taxi to visit the\u00ef asafari park in Duba\u00eft all moments. Qoute us or join us at phone. Service 24\/24 hours.","robots":{"index":"index","follow":"follow","max-snippet":"max-snippet:-1","max-image-preview":"max-image-preview:large","max-video-preview":"max-video-preview:-1"},"canonical":"https:\/\/eden-mobility.ae\/ar\/wheelchair-taxi-safari-park-dubai\/","og_locale":"ar_AR","og_type":"article","og_title":"Wheelchair taxi for Safari Park in Duba\u00ef | 05.82.95.11.90","og_description":"Book a wheelchair taxi to visit the\u00ef asafari park in Duba\u00eft all moments. Qoute us or join us at phone. Service 24\/24 hours.","og_url":"https:\/\/eden-mobility.ae\/ar\/wheelchair-taxi-safari-park-dubai\/","og_site_name":"Eden Mobility","article_modified_time":"2024-07-03T15:27:12+00:00","twitter_card":"summary_large_image","twitter_misc":{"\u0648\u0642\u062a \u0627\u0644\u0642\u0631\u0627\u0621\u0629 \u0627\u0644\u0645\u064f\u0642\u062f\u0651\u0631":"\u062f\u0642\u064a\u0642\u0629 \u0648\u0627\u062d\u062f\u0629"},"schema":{"@context":"https:\/\/schema.org","@graph":[{"@type":"WebPage","@id":"https:\/\/eden-mobility.ae\/wheelchair-taxi-safari-park-dubai\/","url":"https:\/\/eden-mobility.ae\/wheelchair-taxi-safari-park-dubai\/","name":"Wheelchair taxi for Safari Park in Duba\u00ef | 05.82.95.11.90","isPartOf":{"@id":"https:\/\/eden-mobility.ae\/#website"},"datePublished":"2024-05-03T15:20:42+00:00","dateModified":"2024-07-03T15:27:12+00:00","description":"Book a wheelchair taxi to visit the\u00ef asafari park in Duba\u00eft all moments. Qoute us or join us at phone. Service 24\/24 hours.","breadcrumb":{"@id":"https:\/\/eden-mobility.ae\/wheelchair-taxi-safari-park-dubai\/#breadcrumb"},"inLanguage":"ar","potentialAction":[{"@type":"ReadAction","target":["https:\/\/eden-mobility.ae\/wheelchair-taxi-safari-park-dubai\/"]}]},{"@type":"BreadcrumbList","@id":"https:\/\/eden-mobility.ae\/wheelchair-taxi-safari-park-dubai\/#breadcrumb","itemListElement":[{"@type":"ListItem","position":1,"name":"Home","item":"https:\/\/eden-mobility.ae\/"},{"@type":"ListItem","position":2,"name":"Wheelchair taxi for Safari Park in Duba\u00ef"}]},{"@type":"WebSite","@id":"https:\/\/eden-mobility.ae\/#website","url":"https:\/\/eden-mobility.ae\/","name":"Eden Mobility","description":"\u0627\u0644\u0646\u0642\u0644 \u0627\u0644\u0622\u0645\u0646","publisher":{"@id":"https:\/\/eden-mobility.ae\/#organization"},"potentialAction":[{"@type":"SearchAction","target":{"@type":"EntryPoint","urlTemplate":"https:\/\/eden-mobility.ae\/?s={search_term_string}"},"query-input":{"@type":"PropertyValueSpecification","valueRequired":true,"valueName":"search_term_string"}}],"inLanguage":"ar"},{"@type":"Organization","@id":"https:\/\/eden-mobility.ae\/#organization","name":"Eden Mobility","url":"https:\/\/eden-mobility.ae\/","logo":{"@type":"ImageObject","inLanguage":"ar","@id":"https:\/\/eden-mobility.ae\/#\/schema\/logo\/image\/","url":"https:\/\/eden-mobility.ae\/wp-content\/uploads\/2022\/08\/EM_logo_120x120.png","contentUrl":"https:\/\/eden-mobility.ae\/wp-content\/uploads\/2022\/08\/EM_logo_120x120.png","width":120,"height":120,"caption":"Eden Mobility"},"image":{"@id":"https:\/\/eden-mobility.ae\/#\/schema\/logo\/image\/"}}]}},"_links":{"self":[{"href":"https:\/\/eden-mobility.ae\/ar\/wp-json\/wp\/v2\/pages\/814","targetHints":{"allow":["GET"]}}],"collection":[{"href":"https:\/\/eden-mobility.ae\/ar\/wp-json\/wp\/v2\/pages"}],"about":[{"href":"https:\/\/eden-mobility.ae\/ar\/wp-json\/wp\/v2\/types\/page"}],"author":[{"embeddable":true,"href":"https:\/\/eden-mobility.ae\/ar\/wp-json\/wp\/v2\/users\/2"}],"replies":[{"embeddable":true,"href":"https:\/\/eden-mobility.ae\/ar\/wp-json\/wp\/v2\/comments?post=814"}],"version-history":[{"count":3,"href":"https:\/\/eden-mobility.ae\/ar\/wp-json\/wp\/v2\/pages\/814\/revisions"}],"predecessor-version":[{"id":817,"href":"https:\/\/eden-mobility.ae\/ar\/wp-json\/wp\/v2\/pages\/814\/revisions\/817"}],"wp:attachment":[{"href":"https:\/\/eden-mobility.ae\/ar\/wp-json\/wp\/v2\/media?parent=814"}],"curies":[{"name":"wp","href":"https:\/\/api.w.org\/{rel}","templated":true}]}}